{"id":77,"date":"2019-08-27T19:16:18","date_gmt":"2019-08-27T22:16:18","guid":{"rendered":"http:\/\/www.isacaguiar.com.br\/blog\/?page_id=77"},"modified":"2024-06-05T16:03:24","modified_gmt":"2024-06-05T19:03:24","slug":"sobre","status":"publish","type":"page","link":"https:\/\/www.isacaguiar.com.br\/blog\/sobre\/","title":{"rendered":"Sobre"},"content":{"rendered":"<p>Ol\u00e1! Sou <a href=\"https:\/\/www.isacaguiar.com.br\">Isac Aguiar<\/a>, analista de sistemas especializado em sistemas distribu\u00eddos e desenvolvimento de aplicativos e jogos para dispositivos m\u00f3veis. Desde 2004, atuo na \u00e1rea de desenvolvimento, utilizando principalmente a linguagem Java. Possuo um s\u00f3lido conhecimento em arquitetura de software e pr\u00e1ticas de desenvolvimento \u00e1gil, sempre com o objetivo de criar solu\u00e7\u00f5es inovadoras que aumentem a efici\u00eancia e melhorem a experi\u00eancia do usu\u00e1rio.<\/p>\n<p>Minha jornada na \u00e1rea de Tecnologia da Informa\u00e7\u00e3o come\u00e7ou em 2001, quando tive meu primeiro contato com o setor como estagi\u00e1rio na SETRAS (atualmente SETRE). Essa experi\u00eancia foi fundamental na escolha da minha forma\u00e7\u00e3o acad\u00eamica e na constru\u00e7\u00e3o da minha carreira como Analista\/Programador de Sistemas. Ao longo dos anos, desenvolvi uma paix\u00e3o por aprendizado cont\u00ednuo e estou sempre em busca de novas tecnologias e melhores pr\u00e1ticas para aprimorar minhas habilidades e agregar valor aos projetos em que atuo.<\/p>\n<p>Al\u00e9m de minha carreira em TI, sou um entusiasta de esportes desde muito jovem. Comecei a praticar nata\u00e7\u00e3o aos 4 anos de idade e, ao longo dos anos, me envolvi em diversas modalidades esportivas como surf, corrida, muscula\u00e7\u00e3o, calistenia, boxe, capoeira, taekwondo e jiu-jitsu. O esporte \u00e9 uma parte fundamental da minha vida, contribuindo para minha sa\u00fade e bem-estar.<\/p>\n<p>Neste blog, voc\u00ea encontrar\u00e1 conte\u00fados que refletem minhas paix\u00f5es tanto na \u00e1rea de Tecnologia da Informa\u00e7\u00e3o e Comunica\u00e7\u00f5es quanto no mundo dos esportes. Meu objetivo \u00e9 compartilhar conhecimentos e experi\u00eancias que possam contribuir positivamente para uma melhor qualidade de vida, abordando temas que v\u00e3o desde as mais recentes tend\u00eancias e pr\u00e1ticas em TI at\u00e9 dicas e insights sobre diferentes modalidades esportivas.<\/p>\n<p>Obrigado por visitar meu blog, e espero que os conte\u00fados aqui compartilhados possam ser \u00fateis e inspiradores para voc\u00ea!<\/p>\n","protected":false},"excerpt":{"rendered":"<p>Ol\u00e1! Sou Isac Aguiar, analista de sistemas especializado em sistemas distribu\u00eddos e desenvolvimento de aplicativos e jogos para dispositivos m\u00f3veis. Desde 2004,\u2026<\/p>\n","protected":false},"author":1,"featured_media":0,"parent":0,"menu_order":0,"comment_status":"closed","ping_status":"closed","template":"","meta":{"footnotes":""},"class_list":["post-77","page","type-page","status-publish","hentry"],"yoast_head":"<!-- This site is optimized with the Yoast SEO plugin v27.2 - https:\/\/yoast.com\/product\/yoast-seo-wordpress\/ -->\n<title>Sobre - Blog do Aguiar<\/title>\n<meta name=\"robots\" content=\"index, follow, max-snippet:-1, max-image-preview:large, max-video-preview:-1\" \/>\n<link rel=\"canonical\" href=\"https:\/\/www.isacaguiar.com.br\/blog\/sobre\/\" \/>\n<meta property=\"og:locale\" content=\"pt_BR\" \/>\n<meta property=\"og:type\" content=\"article\" \/>\n<meta property=\"og:title\" content=\"Sobre - Blog do Aguiar\" \/>\n<meta property=\"og:description\" content=\"Ol\u00e1! Sou Isac Aguiar, analista de sistemas especializado em sistemas distribu\u00eddos e desenvolvimento de aplicativos e jogos para dispositivos m\u00f3veis. Desde 2004,\u2026\" \/>\n<meta property=\"og:url\" content=\"https:\/\/www.isacaguiar.com.br\/blog\/sobre\/\" \/>\n<meta property=\"og:site_name\" content=\"Blog do Aguiar\" \/>\n<meta property=\"article:publisher\" content=\"https:\/\/www.facebook.com\/isac.velozo.aguiar\" \/>\n<meta property=\"article:modified_time\" content=\"2024-06-05T19:03:24+00:00\" \/>\n<meta name=\"twitter:card\" content=\"summary_large_image\" \/>\n<meta name=\"twitter:label1\" content=\"Est. tempo de leitura\" \/>\n\t<meta name=\"twitter:data1\" content=\"2 minutos\" \/>\n<script type=\"application\/ld+json\" class=\"yoast-schema-graph\">{\"@context\":\"https:\/\/schema.org\",\"@graph\":[{\"@type\":\"WebPage\",\"@id\":\"https:\/\/www.isacaguiar.com.br\/blog\/sobre\/\",\"url\":\"https:\/\/www.isacaguiar.com.br\/blog\/sobre\/\",\"name\":\"Sobre - Blog do Aguiar\",\"isPartOf\":{\"@id\":\"https:\/\/www.isacaguiar.com.br\/blog\/#website\"},\"datePublished\":\"2019-08-27T22:16:18+00:00\",\"dateModified\":\"2024-06-05T19:03:24+00:00\",\"breadcrumb\":{\"@id\":\"https:\/\/www.isacaguiar.com.br\/blog\/sobre\/#breadcrumb\"},\"inLanguage\":\"pt-BR\",\"potentialAction\":[{\"@type\":\"ReadAction\",\"target\":[\"https:\/\/www.isacaguiar.com.br\/blog\/sobre\/\"]}]},{\"@type\":\"BreadcrumbList\",\"@id\":\"https:\/\/www.isacaguiar.com.br\/blog\/sobre\/#breadcrumb\",\"itemListElement\":[{\"@type\":\"ListItem\",\"position\":1,\"name\":\"In\u00edcio\",\"item\":\"http:\/\/www.isacaguiar.com.br\/blog\/\"},{\"@type\":\"ListItem\",\"position\":2,\"name\":\"Sobre\"}]},{\"@type\":\"WebSite\",\"@id\":\"https:\/\/www.isacaguiar.com.br\/blog\/#website\",\"url\":\"https:\/\/www.isacaguiar.com.br\/blog\/\",\"name\":\"Blog do Aguiar\",\"description\":\"\",\"potentialAction\":[{\"@type\":\"SearchAction\",\"target\":{\"@type\":\"EntryPoint\",\"urlTemplate\":\"https:\/\/www.isacaguiar.com.br\/blog\/?s={search_term_string}\"},\"query-input\":{\"@type\":\"PropertyValueSpecification\",\"valueRequired\":true,\"valueName\":\"search_term_string\"}}],\"inLanguage\":\"pt-BR\"}]}<\/script>\n<!-- \/ Yoast SEO plugin. -->","yoast_head_json":{"title":"Sobre - Blog do Aguiar","robots":{"index":"index","follow":"follow","max-snippet":"max-snippet:-1","max-image-preview":"max-image-preview:large","max-video-preview":"max-video-preview:-1"},"canonical":"https:\/\/www.isacaguiar.com.br\/blog\/sobre\/","og_locale":"pt_BR","og_type":"article","og_title":"Sobre - Blog do Aguiar","og_description":"Ol\u00e1! Sou Isac Aguiar, analista de sistemas especializado em sistemas distribu\u00eddos e desenvolvimento de aplicativos e jogos para dispositivos m\u00f3veis. Desde 2004,\u2026","og_url":"https:\/\/www.isacaguiar.com.br\/blog\/sobre\/","og_site_name":"Blog do Aguiar","article_publisher":"https:\/\/www.facebook.com\/isac.velozo.aguiar","article_modified_time":"2024-06-05T19:03:24+00:00","twitter_card":"summary_large_image","twitter_misc":{"Est. tempo de leitura":"2 minutos"},"schema":{"@context":"https:\/\/schema.org","@graph":[{"@type":"WebPage","@id":"https:\/\/www.isacaguiar.com.br\/blog\/sobre\/","url":"https:\/\/www.isacaguiar.com.br\/blog\/sobre\/","name":"Sobre - Blog do Aguiar","isPartOf":{"@id":"https:\/\/www.isacaguiar.com.br\/blog\/#website"},"datePublished":"2019-08-27T22:16:18+00:00","dateModified":"2024-06-05T19:03:24+00:00","breadcrumb":{"@id":"https:\/\/www.isacaguiar.com.br\/blog\/sobre\/#breadcrumb"},"inLanguage":"pt-BR","potentialAction":[{"@type":"ReadAction","target":["https:\/\/www.isacaguiar.com.br\/blog\/sobre\/"]}]},{"@type":"BreadcrumbList","@id":"https:\/\/www.isacaguiar.com.br\/blog\/sobre\/#breadcrumb","itemListElement":[{"@type":"ListItem","position":1,"name":"In\u00edcio","item":"http:\/\/www.isacaguiar.com.br\/blog\/"},{"@type":"ListItem","position":2,"name":"Sobre"}]},{"@type":"WebSite","@id":"https:\/\/www.isacaguiar.com.br\/blog\/#website","url":"https:\/\/www.isacaguiar.com.br\/blog\/","name":"Blog do Aguiar","description":"","potentialAction":[{"@type":"SearchAction","target":{"@type":"EntryPoint","urlTemplate":"https:\/\/www.isacaguiar.com.br\/blog\/?s={search_term_string}"},"query-input":{"@type":"PropertyValueSpecification","valueRequired":true,"valueName":"search_term_string"}}],"inLanguage":"pt-BR"}]}},"amp_enabled":true,"_links":{"self":[{"href":"https:\/\/www.isacaguiar.com.br\/blog\/wp-json\/wp\/v2\/pages\/77","targetHints":{"allow":["GET"]}}],"collection":[{"href":"https:\/\/www.isacaguiar.com.br\/blog\/wp-json\/wp\/v2\/pages"}],"about":[{"href":"https:\/\/www.isacaguiar.com.br\/blog\/wp-json\/wp\/v2\/types\/page"}],"author":[{"embeddable":true,"href":"https:\/\/www.isacaguiar.com.br\/blog\/wp-json\/wp\/v2\/users\/1"}],"replies":[{"embeddable":true,"href":"https:\/\/www.isacaguiar.com.br\/blog\/wp-json\/wp\/v2\/comments?post=77"}],"version-history":[{"count":8,"href":"https:\/\/www.isacaguiar.com.br\/blog\/wp-json\/wp\/v2\/pages\/77\/revisions"}],"predecessor-version":[{"id":615,"href":"https:\/\/www.isacaguiar.com.br\/blog\/wp-json\/wp\/v2\/pages\/77\/revisions\/615"}],"wp:attachment":[{"href":"https:\/\/www.isacaguiar.com.br\/blog\/wp-json\/wp\/v2\/media?parent=77"}],"curies":[{"name":"wp","href":"https:\/\/api.w.org\/{rel}","templated":true}]}}